{"id":238,"date":"2013-01-16T13:01:55","date_gmt":"2013-01-16T13:01:55","guid":{"rendered":"https:\/\/woocommercecore.mystagingwebsite.com\/product\/t-shirt-with-logo\/"},"modified":"2023-06-23T13:15:21","modified_gmt":"2023-06-23T13:15:21","slug":"cafe_des_reformances","status":"publish","type":"product","link":"https:\/\/reformances.com\/fr\/produit\/cafe_des_reformances\/","title":{"rendered":"Livre: Caf\u00e9 des R\u00e9formances"},"content":{"rendered":"<p style=\"text-align: justify;\">L\u2019id\u00e9e de ce travail est n\u00e9e dans un caf\u00e9, ce lieu de sociabilit\u00e9 et de rencontre. Ce lieu de tr\u00eave, parfois, ce refuge. Ce lieu dont le po\u00e8te Mahmoud Darwich disait qu\u2019il pouvait \u00eatre l\u2019occasion d\u2019une plong\u00e9e en soi-m\u00eame et dans la m\u00e9moire. Ce fut pour nous le lieu d\u2019un premier rendez-vous, entre un danseur un peu sociologue et un sociologue un peu danseur.<\/p>\n","protected":false},"excerpt":{"rendered":"<p>AUTEURS\u00a0: Baptiste Pizzinat &amp; Afshin Ghaffarian<\/p>\n<p>Pr\u00e9face: Alain Platel<\/p>\n<p>EDITEUR :\u00a0Compagnie des R\u00e9formances (2013)<\/p>\n<p>BROCH\u00c9 :\u00a090 pages<br \/>\nLANGUE :\u00a0Fran\u00e7ais<br \/>\nISBN13 :\u00a0978-2-954-43070-6<\/p>\n","protected":false},"featured_media":795,"template":"","meta":{"_acf_changed":false},"product_brand":[],"product_cat":[58],"product_tag":[],"class_list":{"0":"post-238","1":"product","2":"type-product","3":"status-publish","4":"has-post-thumbnail","6":"product_cat-livre","8":"first","9":"instock","10":"shipping-taxable","11":"purchasable","12":"product-type-simple"},"acf":[],"yoast_head":"<!-- This site is optimized with the Yoast SEO plugin v27.5 - https:\/\/yoast.com\/product\/yoast-seo-wordpress\/ -->\n<title>Livre: Caf\u00e9 des R\u00e9formances - R\u00e9formances | Afshin Ghaffarian<\/title>\n<meta name=\"robots\" content=\"index, follow, max-snippet:-1, max-image-preview:large, max-video-preview:-1\" \/>\n<link rel=\"canonical\" href=\"https:\/\/reformances.com\/fr\/produit\/cafe_des_reformances\/\" \/>\n<meta property=\"og:locale\" content=\"fr_FR\" \/>\n<meta property=\"og:type\" content=\"article\" \/>\n<meta property=\"og:title\" content=\"Livre: Caf\u00e9 des R\u00e9formances - R\u00e9formances | Afshin Ghaffarian\" \/>\n<meta property=\"og:description\" content=\"AUTEURS\u00a0: Baptiste Pizzinat &amp; Afshin Ghaffarian  Pr\u00e9face: Alain Platel  EDITEUR :\u00a0Compagnie des R\u00e9formances (2013)  BROCH\u00c9 :\u00a090 pages LANGUE :\u00a0Fran\u00e7ais ISBN13 :\u00a0978-2-954-43070-6\" \/>\n<meta property=\"og:url\" content=\"https:\/\/reformances.com\/fr\/produit\/cafe_des_reformances\/\" \/>\n<meta property=\"og:site_name\" content=\"R\u00e9formances | Afshin Ghaffarian\" \/>\n<meta property=\"article:publisher\" content=\"https:\/\/www.facebook.com\/a.ghaffarian\" \/>\n<meta property=\"article:modified_time\" content=\"2023-06-23T13:15:21+00:00\" \/>\n<meta property=\"og:image\" content=\"https:\/\/reformances.com\/fr\/wp-content\/uploads\/2013\/01\/cafe-des-reformances.png\" \/>\n\t<meta property=\"og:image:width\" content=\"600\" \/>\n\t<meta property=\"og:image:height\" content=\"600\" \/>\n\t<meta property=\"og:image:type\" content=\"image\/png\" \/>\n<meta name=\"twitter:card\" content=\"summary_large_image\" \/>\n<meta name=\"twitter:site\" content=\"@AfshinGhafarian\" \/>\n<script type=\"application\/ld+json\" class=\"yoast-schema-graph\">{\"@context\":\"https:\\\/\\\/schema.org\",\"@graph\":[{\"@type\":\"WebPage\",\"@id\":\"https:\\\/\\\/reformances.com\\\/fr\\\/produit\\\/cafe_des_reformances\\\/\",\"url\":\"https:\\\/\\\/reformances.com\\\/fr\\\/produit\\\/cafe_des_reformances\\\/\",\"name\":\"Livre: Caf\u00e9 des R\u00e9formances - R\u00e9formances | Afshin Ghaffarian\",\"isPartOf\":{\"@id\":\"https:\\\/\\\/reformances.com\\\/fr\\\/#website\"},\"primaryImageOfPage\":{\"@id\":\"https:\\\/\\\/reformances.com\\\/fr\\\/produit\\\/cafe_des_reformances\\\/#primaryimage\"},\"image\":{\"@id\":\"https:\\\/\\\/reformances.com\\\/fr\\\/produit\\\/cafe_des_reformances\\\/#primaryimage\"},\"thumbnailUrl\":\"https:\\\/\\\/reformances.com\\\/fr\\\/wp-content\\\/uploads\\\/2013\\\/01\\\/cafe-des-reformances.png\",\"datePublished\":\"2013-01-16T13:01:55+00:00\",\"dateModified\":\"2023-06-23T13:15:21+00:00\",\"breadcrumb\":{\"@id\":\"https:\\\/\\\/reformances.com\\\/fr\\\/produit\\\/cafe_des_reformances\\\/#breadcrumb\"},\"inLanguage\":\"fr-FR\",\"potentialAction\":[{\"@type\":\"ReadAction\",\"target\":[\"https:\\\/\\\/reformances.com\\\/fr\\\/produit\\\/cafe_des_reformances\\\/\"]}]},{\"@type\":\"ImageObject\",\"inLanguage\":\"fr-FR\",\"@id\":\"https:\\\/\\\/reformances.com\\\/fr\\\/produit\\\/cafe_des_reformances\\\/#primaryimage\",\"url\":\"https:\\\/\\\/reformances.com\\\/fr\\\/wp-content\\\/uploads\\\/2013\\\/01\\\/cafe-des-reformances.png\",\"contentUrl\":\"https:\\\/\\\/reformances.com\\\/fr\\\/wp-content\\\/uploads\\\/2013\\\/01\\\/cafe-des-reformances.png\",\"width\":600,\"height\":600},{\"@type\":\"BreadcrumbList\",\"@id\":\"https:\\\/\\\/reformances.com\\\/fr\\\/produit\\\/cafe_des_reformances\\\/#breadcrumb\",\"itemListElement\":[{\"@type\":\"ListItem\",\"position\":1,\"name\":\"Accueil\",\"item\":\"https:\\\/\\\/reformances.com\\\/fr\\\/\"},{\"@type\":\"ListItem\",\"position\":2,\"name\":\"Boutique\",\"item\":\"https:\\\/\\\/reformances.com\\\/fr\\\/boutique\\\/\"},{\"@type\":\"ListItem\",\"position\":3,\"name\":\"Livre: Caf\u00e9 des R\u00e9formances\"}]},{\"@type\":\"WebSite\",\"@id\":\"https:\\\/\\\/reformances.com\\\/fr\\\/#website\",\"url\":\"https:\\\/\\\/reformances.com\\\/fr\\\/\",\"name\":\"R\u00e9formances | Afshin Ghaffarian\",\"description\":\"danse | th\u00e9\u00e2tre\",\"publisher\":{\"@id\":\"https:\\\/\\\/reformances.com\\\/fr\\\/#\\\/schema\\\/person\\\/2314e7b83785831ca875e980b2d2366c\"},\"potentialAction\":[{\"@type\":\"SearchAction\",\"target\":{\"@type\":\"EntryPoint\",\"urlTemplate\":\"https:\\\/\\\/reformances.com\\\/fr\\\/?s={search_term_string}\"},\"query-input\":{\"@type\":\"PropertyValueSpecification\",\"valueRequired\":true,\"valueName\":\"search_term_string\"}}],\"inLanguage\":\"fr-FR\"},{\"@type\":[\"Person\",\"Organization\"],\"@id\":\"https:\\\/\\\/reformances.com\\\/fr\\\/#\\\/schema\\\/person\\\/2314e7b83785831ca875e980b2d2366c\",\"name\":\"afshin\",\"image\":{\"@type\":\"ImageObject\",\"inLanguage\":\"fr-FR\",\"@id\":\"https:\\\/\\\/reformances.com\\\/fr\\\/wp-content\\\/uploads\\\/2024\\\/03\\\/Reformances-e1687476443192-300x248-2.jpeg\",\"url\":\"https:\\\/\\\/reformances.com\\\/fr\\\/wp-content\\\/uploads\\\/2024\\\/03\\\/Reformances-e1687476443192-300x248-2.jpeg\",\"contentUrl\":\"https:\\\/\\\/reformances.com\\\/fr\\\/wp-content\\\/uploads\\\/2024\\\/03\\\/Reformances-e1687476443192-300x248-2.jpeg\",\"width\":696,\"height\":696,\"caption\":\"afshin\"},\"logo\":{\"@id\":\"https:\\\/\\\/reformances.com\\\/fr\\\/wp-content\\\/uploads\\\/2024\\\/03\\\/Reformances-e1687476443192-300x248-2.jpeg\"},\"description\":\"Afshin Ghaffarian est un chor\u00e9graphe, metteur en sc\u00e8ne, danseur et acteur iranien. Il est directeur de la compagnie des R\u00e9formances. \\\"Desert Dancer\\\" est un film de 2014 inspir\u00e9 de sa vie.\",\"sameAs\":[\"http:\\\/\\\/reformances.com\\\/fr\",\"https:\\\/\\\/www.facebook.com\\\/a.ghaffarian\",\"https:\\\/\\\/www.instagram.com\\\/afshinghaffarian\",\"https:\\\/\\\/www.linkedin.com\\\/in\\\/afshin-ghaffarian\\\/\",\"https:\\\/\\\/x.com\\\/AfshinGhafarian\",\"https:\\\/\\\/www.youtube.com\\\/user\\\/afshingh\",\"https:\\\/\\\/en.wikipedia.org\\\/wiki\\\/Afshin_Ghaffarian\"]}]}<\/script>\n<!-- \/ Yoast SEO plugin. -->","yoast_head_json":{"title":"Livre: Caf\u00e9 des R\u00e9formances - R\u00e9formances | Afshin Ghaffarian","robots":{"index":"index","follow":"follow","max-snippet":"max-snippet:-1","max-image-preview":"max-image-preview:large","max-video-preview":"max-video-preview:-1"},"canonical":"https:\/\/reformances.com\/fr\/produit\/cafe_des_reformances\/","og_locale":"fr_FR","og_type":"article","og_title":"Livre: Caf\u00e9 des R\u00e9formances - R\u00e9formances | Afshin Ghaffarian","og_description":"AUTEURS\u00a0: Baptiste Pizzinat &amp; Afshin Ghaffarian  Pr\u00e9face: Alain Platel  EDITEUR :\u00a0Compagnie des R\u00e9formances (2013)  BROCH\u00c9 :\u00a090 pages LANGUE :\u00a0Fran\u00e7ais ISBN13 :\u00a0978-2-954-43070-6","og_url":"https:\/\/reformances.com\/fr\/produit\/cafe_des_reformances\/","og_site_name":"R\u00e9formances | Afshin Ghaffarian","article_publisher":"https:\/\/www.facebook.com\/a.ghaffarian","article_modified_time":"2023-06-23T13:15:21+00:00","og_image":[{"width":600,"height":600,"url":"https:\/\/reformances.com\/fr\/wp-content\/uploads\/2013\/01\/cafe-des-reformances.png","type":"image\/png"}],"twitter_card":"summary_large_image","twitter_site":"@AfshinGhafarian","schema":{"@context":"https:\/\/schema.org","@graph":[{"@type":"WebPage","@id":"https:\/\/reformances.com\/fr\/produit\/cafe_des_reformances\/","url":"https:\/\/reformances.com\/fr\/produit\/cafe_des_reformances\/","name":"Livre: Caf\u00e9 des R\u00e9formances - R\u00e9formances | Afshin Ghaffarian","isPartOf":{"@id":"https:\/\/reformances.com\/fr\/#website"},"primaryImageOfPage":{"@id":"https:\/\/reformances.com\/fr\/produit\/cafe_des_reformances\/#primaryimage"},"image":{"@id":"https:\/\/reformances.com\/fr\/produit\/cafe_des_reformances\/#primaryimage"},"thumbnailUrl":"https:\/\/reformances.com\/fr\/wp-content\/uploads\/2013\/01\/cafe-des-reformances.png","datePublished":"2013-01-16T13:01:55+00:00","dateModified":"2023-06-23T13:15:21+00:00","breadcrumb":{"@id":"https:\/\/reformances.com\/fr\/produit\/cafe_des_reformances\/#breadcrumb"},"inLanguage":"fr-FR","potentialAction":[{"@type":"ReadAction","target":["https:\/\/reformances.com\/fr\/produit\/cafe_des_reformances\/"]}]},{"@type":"ImageObject","inLanguage":"fr-FR","@id":"https:\/\/reformances.com\/fr\/produit\/cafe_des_reformances\/#primaryimage","url":"https:\/\/reformances.com\/fr\/wp-content\/uploads\/2013\/01\/cafe-des-reformances.png","contentUrl":"https:\/\/reformances.com\/fr\/wp-content\/uploads\/2013\/01\/cafe-des-reformances.png","width":600,"height":600},{"@type":"BreadcrumbList","@id":"https:\/\/reformances.com\/fr\/produit\/cafe_des_reformances\/#breadcrumb","itemListElement":[{"@type":"ListItem","position":1,"name":"Accueil","item":"https:\/\/reformances.com\/fr\/"},{"@type":"ListItem","position":2,"name":"Boutique","item":"https:\/\/reformances.com\/fr\/boutique\/"},{"@type":"ListItem","position":3,"name":"Livre: Caf\u00e9 des R\u00e9formances"}]},{"@type":"WebSite","@id":"https:\/\/reformances.com\/fr\/#website","url":"https:\/\/reformances.com\/fr\/","name":"R\u00e9formances | Afshin Ghaffarian","description":"danse | th\u00e9\u00e2tre","publisher":{"@id":"https:\/\/reformances.com\/fr\/#\/schema\/person\/2314e7b83785831ca875e980b2d2366c"},"potentialAction":[{"@type":"SearchAction","target":{"@type":"EntryPoint","urlTemplate":"https:\/\/reformances.com\/fr\/?s={search_term_string}"},"query-input":{"@type":"PropertyValueSpecification","valueRequired":true,"valueName":"search_term_string"}}],"inLanguage":"fr-FR"},{"@type":["Person","Organization"],"@id":"https:\/\/reformances.com\/fr\/#\/schema\/person\/2314e7b83785831ca875e980b2d2366c","name":"afshin","image":{"@type":"ImageObject","inLanguage":"fr-FR","@id":"https:\/\/reformances.com\/fr\/wp-content\/uploads\/2024\/03\/Reformances-e1687476443192-300x248-2.jpeg","url":"https:\/\/reformances.com\/fr\/wp-content\/uploads\/2024\/03\/Reformances-e1687476443192-300x248-2.jpeg","contentUrl":"https:\/\/reformances.com\/fr\/wp-content\/uploads\/2024\/03\/Reformances-e1687476443192-300x248-2.jpeg","width":696,"height":696,"caption":"afshin"},"logo":{"@id":"https:\/\/reformances.com\/fr\/wp-content\/uploads\/2024\/03\/Reformances-e1687476443192-300x248-2.jpeg"},"description":"Afshin Ghaffarian est un chor\u00e9graphe, metteur en sc\u00e8ne, danseur et acteur iranien. Il est directeur de la compagnie des R\u00e9formances. \"Desert Dancer\" est un film de 2014 inspir\u00e9 de sa vie.","sameAs":["http:\/\/reformances.com\/fr","https:\/\/www.facebook.com\/a.ghaffarian","https:\/\/www.instagram.com\/afshinghaffarian","https:\/\/www.linkedin.com\/in\/afshin-ghaffarian\/","https:\/\/x.com\/AfshinGhafarian","https:\/\/www.youtube.com\/user\/afshingh","https:\/\/en.wikipedia.org\/wiki\/Afshin_Ghaffarian"]}]}},"_links":{"self":[{"href":"https:\/\/reformances.com\/fr\/wp-json\/wp\/v2\/product\/238","targetHints":{"allow":["GET"]}}],"collection":[{"href":"https:\/\/reformances.com\/fr\/wp-json\/wp\/v2\/product"}],"about":[{"href":"https:\/\/reformances.com\/fr\/wp-json\/wp\/v2\/types\/product"}],"wp:featuredmedia":[{"embeddable":true,"href":"https:\/\/reformances.com\/fr\/wp-json\/wp\/v2\/media\/795"}],"wp:attachment":[{"href":"https:\/\/reformances.com\/fr\/wp-json\/wp\/v2\/media?parent=238"}],"wp:term":[{"taxonomy":"product_brand","embeddable":true,"href":"https:\/\/reformances.com\/fr\/wp-json\/wp\/v2\/product_brand?post=238"},{"taxonomy":"product_cat","embeddable":true,"href":"https:\/\/reformances.com\/fr\/wp-json\/wp\/v2\/product_cat?post=238"},{"taxonomy":"product_tag","embeddable":true,"href":"https:\/\/reformances.com\/fr\/wp-json\/wp\/v2\/product_tag?post=238"}],"curies":[{"name":"wp","href":"https:\/\/api.w.org\/{rel}","templated":true}]}}